{"id":87,"date":"2016-12-09T17:28:20","date_gmt":"2016-12-09T16:28:20","guid":{"rendered":"https:\/\/www.riwan.fr\/?page_id=87"},"modified":"2017-01-31T14:40:48","modified_gmt":"2017-01-31T13:40:48","slug":"supervision","status":"publish","type":"page","link":"https:\/\/www.riwan.fr\/index.php\/supervision\/","title":{"rendered":"Supervision"},"content":{"rendered":"<p><strong>Pr\u00e9sentation<\/strong><\/p>\n<p>Nagios est un outil de supervision open-source.<\/p>\n<p>Il permet de superviser un ensemble de machines de mani\u00e8re flexibles via des agents dispos\u00e9s sur les clients.<\/p>\n<p><strong>Mise en \u0153uvre<\/strong><\/p>\n<p>J&rsquo;ai d\u00e9couvert cet outil durant un de mes projet professionnel o\u00f9 il s&rsquo;agissait de superviser l&rsquo;ensemble des machines.<\/p>\n<p>J&rsquo;ai particip\u00e9 \u00e0 la cr\u00e9ation de plusieurs plugins Nagios, permettant de rendre plus simple la lecture et la compr\u00e9hension des alertes pour mon \u00e9quipe. Cela permettait \u00e9galement la cr\u00e9ation de contr\u00f4le sur des nouveaux services.<\/p>\n<p>Par la suite j&rsquo;ai eu \u00e0 mettre en place cet outil sur de nouveaux environnements, me permettant d&rsquo;\u00e9valuer et de d\u00e9finir les seuils d&rsquo;alertes n\u00e9cessaires.<\/p>\n<p><strong>Regard critique<\/strong><\/p>\n<p>Nagios est tr\u00e8s facile d&rsquo;utilisation, cependant il faut faire tr\u00e8s attention lors de l&rsquo;organisation de l&rsquo;arborescence, ainsi que la d\u00e9finition des seuils d&rsquo;alerte. En effet, cela peut v\u00e9ritablement devenir ing\u00e9rable lorsque le nombre de machine supervis\u00e9s devient important car le nombre d&rsquo;alerte va cro\u00eetre de mani\u00e8re exponentiel.<\/p>\n<p>C&rsquo;est un outil essentiel car il permet d&rsquo;avoir de la visibilit\u00e9 sur ses machines et d&rsquo;\u00eatre alert\u00e9 par e-mails ou sms lorsqu&rsquo;il d\u00e9tecte des probl\u00e8mes.<\/p>\n<p><strong>Axes d&rsquo;\u00e9volutions<\/strong><\/p>\n<p>Pour progresser dans l&rsquo;univers de la supervision, je dois apprendre \u00e0 utiliser de nouveaux outils (autre que Nagios), afin d&rsquo;\u00e9largir mon panel de comp\u00e9tences.<\/p>\n<p><strong>Projet li\u00e9<\/strong><\/p>\n<p><a href=\"https:\/\/www.riwan.fr\/index.php\/nagios_projet\/\">Administration d&rsquo;un outil de supervision<\/a><\/p>\n<p><strong><a href=\"https:\/\/www.riwan.fr\/#competences\">Retour aux comp\u00e9tences<\/a><\/strong><\/p>\n","protected":false},"excerpt":{"rendered":"<p>Pr\u00e9sentation Nagios est un outil de supervision open-source. Il permet de superviser un ensemble de machines de mani\u00e8re flexibles via des agents dispos\u00e9s sur les clients. Mise en \u0153uvre J&rsquo;ai d\u00e9couvert cet outil durant un de mes projet professionnel o\u00f9 il s&rsquo;agissait de superviser l&rsquo;ensemble des machines. J&rsquo;ai particip\u00e9 \u00e0 la cr\u00e9ation de plusieurs plugins<a href=\"https:\/\/www.riwan.fr\/index.php\/supervision\/\">[&#8230;]<\/a><\/p>\n","protected":false},"author":1,"featured_media":0,"parent":0,"menu_order":0,"comment_status":"closed","ping_status":"closed","template":"","meta":[],"_links":{"self":[{"href":"https:\/\/www.riwan.fr\/index.php\/wp-json\/wp\/v2\/pages\/87"}],"collection":[{"href":"https:\/\/www.riwan.fr\/index.php\/wp-json\/wp\/v2\/pages"}],"about":[{"href":"https:\/\/www.riwan.fr\/index.php\/wp-json\/wp\/v2\/types\/page"}],"author":[{"embeddable":true,"href":"https:\/\/www.riwan.fr\/index.php\/wp-json\/wp\/v2\/users\/1"}],"replies":[{"embeddable":true,"href":"https:\/\/www.riwan.fr\/index.php\/wp-json\/wp\/v2\/comments?post=87"}],"version-history":[{"count":4,"href":"https:\/\/www.riwan.fr\/index.php\/wp-json\/wp\/v2\/pages\/87\/revisions"}],"predecessor-version":[{"id":110,"href":"https:\/\/www.riwan.fr\/index.php\/wp-json\/wp\/v2\/pages\/87\/revisions\/110"}],"wp:attachment":[{"href":"https:\/\/www.riwan.fr\/index.php\/wp-json\/wp\/v2\/media?parent=87"}],"curies":[{"name":"wp","href":"https:\/\/api.w.org\/{rel}","templated":true}]}}