{"id":85,"date":"2016-12-09T16:27:29","date_gmt":"2016-12-09T15:27:29","guid":{"rendered":"https:\/\/www.riwan.fr\/?page_id=85"},"modified":"2017-06-05T14:45:24","modified_gmt":"2017-06-05T13:45:24","slug":"linux","status":"publish","type":"page","link":"https:\/\/www.riwan.fr\/index.php\/linux\/","title":{"rendered":"Linux"},"content":{"rendered":"<p><strong>Pr\u00e9sentation<\/strong><\/p>\n<p>Linux est un syst\u00e8me d&rsquo;exploitation utilis\u00e9 majoritairement sur des serveurs de production, il est reconnu comme stable et flexible.<\/p>\n<p>Mon expertise technique est principalement concentr\u00e9 sur ce syst\u00e8me, car il est omnipr\u00e9sent \u00e0 travers ma formation et mon exp\u00e9rience professionnelle.<\/p>\n<p><strong>Mise en \u0153uvre<\/strong><\/p>\n<p>C&rsquo;est durant mon alternance que j&rsquo;ai le plus progress\u00e9 sur cet OS. Je m&rsquo;occupais du d\u00e9ploiement jusqu&rsquo;\u00e0 la maintenance des machines (principalement Debian), j&rsquo;ai donc eu \u00e0 manipuler Linux quotidiennement.<br \/>\nJ&rsquo;ai mis en place le d\u00e9ploiement automatis\u00e9 via Ansible, l&rsquo;exploitation des serveurs web Apache ou encore NGiNX, jusqu&rsquo;\u00e0 la supervision via Nagios \/ Cacti.<\/p>\n<p>Etant sp\u00e9cialis\u00e9 sur les architectures web, j&rsquo;ai \u00e9galement eu \u00e0 \u00e9laborer des solutions de hautes disponibilit\u00e9s via HAProxy et Varnish.<\/p>\n<p>En parall\u00e8le lors de l&rsquo;un de mes projet \u00e9tudiant, j&rsquo;ai eu \u00e0 exploiter OpenBSD, ce qui m&rsquo;a permis de d\u00e9couvrir les syst\u00e8mes BSD et de me familiariser avec cette branche.<\/p>\n<p><strong>Regard critique<\/strong><\/p>\n<p>Linux est un syst\u00e8me puissant et personnalisable, mais qui a ses d\u00e9fauts. Il peut \u00eatre tr\u00e8s sanctionnable et chronophage si l&rsquo;on s&rsquo;en sert mal.<\/p>\n<p><strong>Axes d&rsquo;\u00e9volutions<\/strong><\/p>\n<p>Mon axe d&rsquo;\u00e9volution serait de travailler sur d&rsquo;autres distributions tel que CentOS ou RedHat. Afin d&rsquo;\u00eatre \u00e0 l&rsquo;aise avec le plus d&rsquo;environnement possible.<\/p>\n<p><strong>Projet li\u00e9<\/strong><\/p>\n<p><a href=\"https:\/\/www.riwan.fr\/index.php\/easymine_projet\/\">EasyMine<\/a><br \/>\n<a href=\"https:\/\/www.riwan.fr\/index.php\/ansible_projet\/\">Ansible<\/a><br \/>\n<a href=\"https:\/\/www.riwan.fr\/index.php\/kubernetes_projet\/\">Kubernetes<\/a><br \/>\n<a href=\"https:\/\/www.riwan.fr\/index.php\/nagios_projet\/\">Nagios<\/a><\/p>\n<p><strong><a href=\"https:\/\/www.riwan.fr\/#competences\">Retour aux comp\u00e9tences<\/a><\/strong><\/p>\n","protected":false},"excerpt":{"rendered":"<p>Pr\u00e9sentation Linux est un syst\u00e8me d&rsquo;exploitation utilis\u00e9 majoritairement sur des serveurs de production, il est reconnu comme stable et flexible. Mon expertise technique est principalement concentr\u00e9 sur ce syst\u00e8me, car il est omnipr\u00e9sent \u00e0 travers ma formation et mon exp\u00e9rience professionnelle. Mise en \u0153uvre C&rsquo;est durant mon alternance que j&rsquo;ai le plus progress\u00e9 sur cet<a href=\"https:\/\/www.riwan.fr\/index.php\/linux\/\">[&#8230;]<\/a><\/p>\n","protected":false},"author":1,"featured_media":0,"parent":0,"menu_order":0,"comment_status":"closed","ping_status":"closed","template":"","meta":[],"_links":{"self":[{"href":"https:\/\/www.riwan.fr\/index.php\/wp-json\/wp\/v2\/pages\/85"}],"collection":[{"href":"https:\/\/www.riwan.fr\/index.php\/wp-json\/wp\/v2\/pages"}],"about":[{"href":"https:\/\/www.riwan.fr\/index.php\/wp-json\/wp\/v2\/types\/page"}],"author":[{"embeddable":true,"href":"https:\/\/www.riwan.fr\/index.php\/wp-json\/wp\/v2\/users\/1"}],"replies":[{"embeddable":true,"href":"https:\/\/www.riwan.fr\/index.php\/wp-json\/wp\/v2\/comments?post=85"}],"version-history":[{"count":5,"href":"https:\/\/www.riwan.fr\/index.php\/wp-json\/wp\/v2\/pages\/85\/revisions"}],"predecessor-version":[{"id":188,"href":"https:\/\/www.riwan.fr\/index.php\/wp-json\/wp\/v2\/pages\/85\/revisions\/188"}],"wp:attachment":[{"href":"https:\/\/www.riwan.fr\/index.php\/wp-json\/wp\/v2\/media?parent=85"}],"curies":[{"name":"wp","href":"https:\/\/api.w.org\/{rel}","templated":true}]}}