{"id":80,"date":"2016-11-25T18:03:35","date_gmt":"2016-11-25T17:03:35","guid":{"rendered":"https:\/\/www.riwan.fr\/?page_id=80"},"modified":"2017-06-05T14:47:26","modified_gmt":"2017-06-05T13:47:26","slug":"communication","status":"publish","type":"page","link":"https:\/\/www.riwan.fr\/index.php\/communication\/","title":{"rendered":"Communication"},"content":{"rendered":"<p><strong>Pr\u00e9sentation<\/strong><\/p>\n<p>Selon moi, la communication est primordiale dans une entreprise, et au sein d&rsquo;une \u00e9quipe. Elle permet de transmettre des informations et de partager ses connaissances avec les autres.<\/p>\n<p><strong>Mise en \u0153uvre<\/strong><\/p>\n<p>J&rsquo;ai d\u00e9couvert l&rsquo;importance de la communication au d\u00e9but de mon cursus, lors de mes diff\u00e9rents projets.<\/p>\n<p>Faisant partit d&rsquo;une \u00e9quipe, j&rsquo;ai tr\u00e8s vite acquis cette comp\u00e9tence de communication en partageant mon travail avec les autres, \u00e0 travers diff\u00e9rents canaux (e-mail, Skype).<\/p>\n<p>Durant mon alternance, j&rsquo;ai gard\u00e9 ces r\u00e9flexes en communiquant r\u00e9guli\u00e8rement sur le travail effectu\u00e9 et le reste \u00e0 faire. <\/p>\n<p>Lors d&rsquo;\u00e9changes avec des clients, cela \u00e9tait \u00e9galement essentiel pour donner de la visibilit\u00e9 en les pr\u00e9venant r\u00e9guli\u00e8rement, que ce soit pour des bonnes, comme des mauvaises nouvelles.<\/p>\n<p><strong>Regard critique<\/strong><\/p>\n<p>J&rsquo;ai beaucoup progress\u00e9 gr\u00e2ce \u00e0 mon alternance, j&rsquo;ai \u00e9t\u00e9 mis en contact rapidement avec des clients et j&rsquo;ai d\u00fb adapter mon discours et \u00eatre pro-actif avec eux.<\/p>\n<p><strong>Axes d&rsquo;\u00e9volutions<\/strong><\/p>\n<p>Mon principal axe d&rsquo;\u00e9volution serait de diriger une \u00e9quipe en tant que chef de projet, cela me permettrait de d\u00e9velopper d&rsquo;avantage de comp\u00e9tences en communication.<\/p>\n<p><strong><a href=\"https:\/\/www.riwan.fr\/#competences\">Retour aux comp\u00e9tences<\/a><\/strong><\/p>\n","protected":false},"excerpt":{"rendered":"<p>Pr\u00e9sentation Selon moi, la communication est primordiale dans une entreprise, et au sein d&rsquo;une \u00e9quipe. Elle permet de transmettre des informations et de partager ses connaissances avec les autres. Mise en \u0153uvre J&rsquo;ai d\u00e9couvert l&rsquo;importance de la communication au d\u00e9but de mon cursus, lors de mes diff\u00e9rents projets. Faisant partit d&rsquo;une \u00e9quipe, j&rsquo;ai tr\u00e8s vite<a href=\"https:\/\/www.riwan.fr\/index.php\/communication\/\">[&#8230;]<\/a><\/p>\n","protected":false},"author":1,"featured_media":0,"parent":0,"menu_order":0,"comment_status":"closed","ping_status":"closed","template":"","meta":[],"_links":{"self":[{"href":"https:\/\/www.riwan.fr\/index.php\/wp-json\/wp\/v2\/pages\/80"}],"collection":[{"href":"https:\/\/www.riwan.fr\/index.php\/wp-json\/wp\/v2\/pages"}],"about":[{"href":"https:\/\/www.riwan.fr\/index.php\/wp-json\/wp\/v2\/types\/page"}],"author":[{"embeddable":true,"href":"https:\/\/www.riwan.fr\/index.php\/wp-json\/wp\/v2\/users\/1"}],"replies":[{"embeddable":true,"href":"https:\/\/www.riwan.fr\/index.php\/wp-json\/wp\/v2\/comments?post=80"}],"version-history":[{"count":7,"href":"https:\/\/www.riwan.fr\/index.php\/wp-json\/wp\/v2\/pages\/80\/revisions"}],"predecessor-version":[{"id":191,"href":"https:\/\/www.riwan.fr\/index.php\/wp-json\/wp\/v2\/pages\/80\/revisions\/191"}],"wp:attachment":[{"href":"https:\/\/www.riwan.fr\/index.php\/wp-json\/wp\/v2\/media?parent=80"}],"curies":[{"name":"wp","href":"https:\/\/api.w.org\/{rel}","templated":true}]}}