{"id":131,"date":"2017-05-19T14:07:38","date_gmt":"2017-05-19T13:07:38","guid":{"rendered":"https:\/\/www.riwan.fr\/?page_id=131"},"modified":"2017-06-05T10:30:10","modified_gmt":"2017-06-05T09:30:10","slug":"easymine_projet","status":"publish","type":"page","link":"https:\/\/www.riwan.fr\/index.php\/easymine_projet\/","title":{"rendered":"EasyMine"},"content":{"rendered":"<p><strong>Pr\u00e9sentation<\/strong><\/p>\n<p>EasyMine \u00e9tait l&rsquo;un de mes projets \u00e9tudiant, que j&rsquo;ai r\u00e9alis\u00e9 durant ma 2\u00e8me ann\u00e9e d&rsquo;\u00e9tude.<\/p>\n<p><strong>Contexte<\/strong><\/p>\n<p>Il s&rsquo;agissait du premier projet \u00ab\u00a0Syst\u00e8mes et R\u00e9seaux\u00a0\u00bb que je r\u00e9alisais, et donc une des premi\u00e8res fois que je travaillais avec des technologies li\u00e9s \u00e0 l&rsquo;h\u00e9bergement.<\/p>\n<p>On avait identifi\u00e9 une probl\u00e9matique pour un jeu en plein essor comme Minecraft. Il \u00e9tait tr\u00e8s compliqu\u00e9 de cr\u00e9er son serveur de jeu, surtout quand on est un adolescent ou jeune adulte. C&rsquo;est ce qui nous a pouss\u00e9 \u00e0 r\u00e9aliser ce projet.<\/p>\n<p><strong>Projet<\/strong><\/p>\n<p><img src=\"https:\/\/www.riwan.fr\/wp-content\/uploads\/2017\/06\/easymine.png\" alt=\"EasyMine frontpage\" \/><\/p>\n<p>Cela consiste en la cr\u00e9ation d&rsquo;un site web d&rsquo;h\u00e9bergement mutualis\u00e9e, d\u00e9di\u00e9 \u00e0 la cr\u00e9ation de serveur Minecraft.<\/p>\n<p>En r\u00e9sum\u00e9, un visiteur sur ce site peut cr\u00e9er son site web, forum, cloud priv\u00e9, adresse e-mail et serveur de jeu. Toutes ces actions se faisaient en un clic.<\/p>\n<p>Le site web \u00e9tait r\u00e9alis\u00e9 en PHP\/HTML et les scripts d&rsquo;automatisations en Bash. La plus grande partie du travail concernait l&rsquo;assemblage des diff\u00e9rents services et la r\u00e9alisation d&rsquo;un back-office \u00e0 la fois exhaustif et simple d&rsquo;utilisation.<\/p>\n<p>Ce projet m&rsquo;a marqu\u00e9 car j&rsquo;ai pu d\u00e9couvrir les technologies du hosting, tel que les serveurs web (Apache), serveurs DNS (bind, djbdns) serveurs de base de donn\u00e9es (MySQL) ou encore le syst\u00e8me Linux (Debian) en lui-m\u00eame.<\/p>\n<p>La particularit\u00e9 de notre projet \u00e9tait la cr\u00e9ation d&rsquo;un serveur de jeu, en plus du site web. On a donc d\u00fb ajout\u00e9 au c\u0153ur du processus d&rsquo;automatisation, le d\u00e9ploiement du serveur Minecraft.<\/p>\n<p>Le projet s&rsquo;est bien termin\u00e9, on a fini 5\u00e8me sur 30 projet lors d&rsquo;une remise de prix \u00e0 la fin du semestre.<\/p>\n<p><strong>Comp\u00e9tences li\u00e9s<\/strong><\/p>\n<p><span style=\"color:#e96656\">Apache<\/span><br \/>\n<a href=\"https:\/\/www.riwan.fr\/index.php\/esprit_dequipe\/\">Esprit d&rsquo;\u00e9quipe<\/a><br \/>\n<a href=\"https:\/\/www.riwan.fr\/index.php\/linux\/\">GNU\/Linux<\/a><\/p>\n<p><strong><a href=\"https:\/\/www.riwan.fr\/#realisations\">Retour aux r\u00e9alisations<\/a><\/strong><\/p>\n","protected":false},"excerpt":{"rendered":"<p>Pr\u00e9sentation EasyMine \u00e9tait l&rsquo;un de mes projets \u00e9tudiant, que j&rsquo;ai r\u00e9alis\u00e9 durant ma 2\u00e8me ann\u00e9e d&rsquo;\u00e9tude. Contexte Il s&rsquo;agissait du premier projet \u00ab\u00a0Syst\u00e8mes et R\u00e9seaux\u00a0\u00bb que je r\u00e9alisais, et donc une des premi\u00e8res fois que je travaillais avec des technologies li\u00e9s \u00e0 l&rsquo;h\u00e9bergement. On avait identifi\u00e9 une probl\u00e9matique pour un jeu en plein essor comme<a href=\"https:\/\/www.riwan.fr\/index.php\/easymine_projet\/\">[&#8230;]<\/a><\/p>\n","protected":false},"author":1,"featured_media":0,"parent":0,"menu_order":0,"comment_status":"closed","ping_status":"closed","template":"","meta":[],"_links":{"self":[{"href":"https:\/\/www.riwan.fr\/index.php\/wp-json\/wp\/v2\/pages\/131"}],"collection":[{"href":"https:\/\/www.riwan.fr\/index.php\/wp-json\/wp\/v2\/pages"}],"about":[{"href":"https:\/\/www.riwan.fr\/index.php\/wp-json\/wp\/v2\/types\/page"}],"author":[{"embeddable":true,"href":"https:\/\/www.riwan.fr\/index.php\/wp-json\/wp\/v2\/users\/1"}],"replies":[{"embeddable":true,"href":"https:\/\/www.riwan.fr\/index.php\/wp-json\/wp\/v2\/comments?post=131"}],"version-history":[{"count":3,"href":"https:\/\/www.riwan.fr\/index.php\/wp-json\/wp\/v2\/pages\/131\/revisions"}],"predecessor-version":[{"id":145,"href":"https:\/\/www.riwan.fr\/index.php\/wp-json\/wp\/v2\/pages\/131\/revisions\/145"}],"wp:attachment":[{"href":"https:\/\/www.riwan.fr\/index.php\/wp-json\/wp\/v2\/media?parent=131"}],"curies":[{"name":"wp","href":"https:\/\/api.w.org\/{rel}","templated":true}]}}