{"id":128,"date":"2017-05-12T11:35:35","date_gmt":"2017-05-12T10:35:35","guid":{"rendered":"https:\/\/www.riwan.fr\/?page_id=128"},"modified":"2017-05-12T11:35:35","modified_gmt":"2017-05-12T10:35:35","slug":"ansible","status":"publish","type":"page","link":"https:\/\/www.riwan.fr\/index.php\/ansible\/","title":{"rendered":"Ansible"},"content":{"rendered":"<p><strong>Pr\u00e9sentation<\/strong><\/p>\n<p>Ansible est une plateforme logicielle qui permet le d\u00e9ploiement, l&rsquo;ex\u00e9cution de t\u00e2ches et la gestion de configuration.<\/p>\n<p><strong>Mise en \u0153uvre<\/strong><\/p>\n<p>J&rsquo;ai d\u00e9couvert Ansible lorsque je devais mettre en place le d\u00e9ploiement et configuration automatique de serveurs Linux.<\/p>\n<p>La difficult\u00e9 ici \u00e9tait de pouvoir faire un premier r\u00e9f\u00e9rencement de toutes les machines, afin qu&rsquo;elle soient toutes connues par Ansible.<\/p>\n<p>C&rsquo;\u00e9tait notre principale utilisation d&rsquo;Ansible en premier lieu. On a ensuite utilis\u00e9 plus en profondeur les capacit\u00e9s d&rsquo;ansible, notamment dans la gestion des configurations.<\/p>\n<p>Cela nous permettait de ma\u00eetriser notre parc de serveur, d&rsquo;ex\u00e9cuter des t\u00e2ches distantes et d&rsquo;avoir un parc de VM uniforme et \u00e0 jour.<\/p>\n<p><strong>Regard critique<\/strong><\/p>\n<p>Ansible est un puissant outil capable d&rsquo;ex\u00e9cuter des t\u00e2ches sur des centaines d&rsquo;h\u00f4tes distant. Cependant il faut faire attention lors de la r\u00e9dactions des \u00ab\u00a0playbook\u00a0\u00bb qui ex\u00e9cutent ces t\u00e2ches, les actions \u00e9tant group\u00e9s on peut vite perturber le comportement des h\u00f4tes concern\u00e9s si on manque de rigueur.<\/p>\n<p><strong>Axes d&rsquo;\u00e9volutions<\/strong><\/p>\n<p>Travailler sur un plus grand parc de VM, afin d&rsquo;utiliser pleinement les fonctionnalit\u00e9s d&rsquo;Ansible. La finalit\u00e9 de l&rsquo;outil consiste \u00e0 ne plus se connecter directement aux h\u00f4tes, mais d&rsquo;ex\u00e9cuter les t\u00e2ches en passant par Ansible directement.<\/p>\n<p><strong>Projet li\u00e9<\/strong><\/p>\n<p><a href=\"https:\/\/www.riwan.fr\/index.php\/ansible_projet\/\">D\u00e9ploiements automatis\u00e9s via Ansible<\/a><\/p>\n<p><strong><a href=\"https:\/\/www.riwan.fr\/#competences\">Retour aux comp\u00e9tences<\/a><\/strong><\/p>\n","protected":false},"excerpt":{"rendered":"<p>Pr\u00e9sentation Ansible est une plateforme logicielle qui permet le d\u00e9ploiement, l&rsquo;ex\u00e9cution de t\u00e2ches et la gestion de configuration. Mise en \u0153uvre J&rsquo;ai d\u00e9couvert Ansible lorsque je devais mettre en place le d\u00e9ploiement et configuration automatique de serveurs Linux. La difficult\u00e9 ici \u00e9tait de pouvoir faire un premier r\u00e9f\u00e9rencement de toutes les machines, afin qu&rsquo;elle soient<a href=\"https:\/\/www.riwan.fr\/index.php\/ansible\/\">[&#8230;]<\/a><\/p>\n","protected":false},"author":1,"featured_media":0,"parent":0,"menu_order":0,"comment_status":"closed","ping_status":"closed","template":"","meta":[],"_links":{"self":[{"href":"https:\/\/www.riwan.fr\/index.php\/wp-json\/wp\/v2\/pages\/128"}],"collection":[{"href":"https:\/\/www.riwan.fr\/index.php\/wp-json\/wp\/v2\/pages"}],"about":[{"href":"https:\/\/www.riwan.fr\/index.php\/wp-json\/wp\/v2\/types\/page"}],"author":[{"embeddable":true,"href":"https:\/\/www.riwan.fr\/index.php\/wp-json\/wp\/v2\/users\/1"}],"replies":[{"embeddable":true,"href":"https:\/\/www.riwan.fr\/index.php\/wp-json\/wp\/v2\/comments?post=128"}],"version-history":[{"count":1,"href":"https:\/\/www.riwan.fr\/index.php\/wp-json\/wp\/v2\/pages\/128\/revisions"}],"predecessor-version":[{"id":129,"href":"https:\/\/www.riwan.fr\/index.php\/wp-json\/wp\/v2\/pages\/128\/revisions\/129"}],"wp:attachment":[{"href":"https:\/\/www.riwan.fr\/index.php\/wp-json\/wp\/v2\/media?parent=128"}],"curies":[{"name":"wp","href":"https:\/\/api.w.org\/{rel}","templated":true}]}}